{"id":661,"date":"2024-12-11T13:00:20","date_gmt":"2024-12-11T13:00:20","guid":{"rendered":"https:\/\/alfieripasteleria.com\/www\/?post_type=product&#038;p=661"},"modified":"2025-09-01T21:44:44","modified_gmt":"2025-09-01T21:44:44","slug":"sandwich-mixto-promocion-cafe","status":"publish","type":"product","link":"https:\/\/alfieripasteleria.com\/www\/producto\/sandwich-mixto-promocion-cafe\/","title":{"rendered":"S\u00e1ndwich Mixto Promoci\u00f3n + Caf\u00e9 (Capuccino, Latte o Chocolate + S\/.1.00)"},"content":{"rendered":"","protected":false},"excerpt":{"rendered":"","protected":false},"featured_media":662,"template":"","meta":{"_et_pb_use_builder":"","_et_pb_old_content":"","_et_gb_content_width":"","_joinchat":[]},"product_cat":[26,25],"product_tag":[],"class_list":["post-661","product","type-product","status-publish","has-post-thumbnail","hentry","product_cat-promociones","product_cat-sandwiches_salados"],"_links":{"self":[{"href":"https:\/\/alfieripasteleria.com\/www\/wp-json\/wp\/v2\/product\/661","targetHints":{"allow":["GET"]}}],"collection":[{"href":"https:\/\/alfieripasteleria.com\/www\/wp-json\/wp\/v2\/product"}],"about":[{"href":"https:\/\/alfieripasteleria.com\/www\/wp-json\/wp\/v2\/types\/product"}],"wp:featuredmedia":[{"embeddable":true,"href":"https:\/\/alfieripasteleria.com\/www\/wp-json\/wp\/v2\/media\/662"}],"wp:attachment":[{"href":"https:\/\/alfieripasteleria.com\/www\/wp-json\/wp\/v2\/media?parent=661"}],"wp:term":[{"taxonomy":"product_cat","embeddable":true,"href":"https:\/\/alfieripasteleria.com\/www\/wp-json\/wp\/v2\/product_cat?post=661"},{"taxonomy":"product_tag","embeddable":true,"href":"https:\/\/alfieripasteleria.com\/www\/wp-json\/wp\/v2\/product_tag?post=661"}],"curies":[{"name":"wp","href":"https:\/\/api.w.org\/{rel}","templated":true}]}}