{"id":779,"date":"2025-10-22T17:45:06","date_gmt":"2025-10-22T17:45:06","guid":{"rendered":"https:\/\/alfieripasteleria.com\/www\/producto\/cake-pops-bizcocho-de-vainilla-o-choco-banado-en-fondant-25u\/"},"modified":"2025-11-13T01:34:45","modified_gmt":"2025-11-13T01:34:45","slug":"cake-pops-bizcocho-de-vainilla-o-choco-banado-en-fondant-25u","status":"publish","type":"product","link":"https:\/\/alfieripasteleria.com\/www\/producto\/cake-pops-bizcocho-de-vainilla-o-choco-banado-en-fondant-25u\/","title":{"rendered":"Cake Pops (bizcocho de vainilla o choco ba\u00f1ado en fondant). (25U)"},"content":{"rendered":"","protected":false},"excerpt":{"rendered":"<p>Las im\u00e1genes son referenciales; los productos pueden presentar ligeras variaciones en decoraci\u00f3n y acabado.<\/p>\n","protected":false},"featured_media":982,"template":"","meta":{"_et_pb_use_builder":"","_et_pb_old_content":"","_et_gb_content_width":"","_joinchat":[]},"product_cat":[29],"product_tag":[],"class_list":["post-779","product","type-product","status-publish","has-post-thumbnail","hentry","product_cat-bocaditos-dulces"],"_links":{"self":[{"href":"https:\/\/alfieripasteleria.com\/www\/wp-json\/wp\/v2\/product\/779","targetHints":{"allow":["GET"]}}],"collection":[{"href":"https:\/\/alfieripasteleria.com\/www\/wp-json\/wp\/v2\/product"}],"about":[{"href":"https:\/\/alfieripasteleria.com\/www\/wp-json\/wp\/v2\/types\/product"}],"wp:featuredmedia":[{"embeddable":true,"href":"https:\/\/alfieripasteleria.com\/www\/wp-json\/wp\/v2\/media\/982"}],"wp:attachment":[{"href":"https:\/\/alfieripasteleria.com\/www\/wp-json\/wp\/v2\/media?parent=779"}],"wp:term":[{"taxonomy":"product_cat","embeddable":true,"href":"https:\/\/alfieripasteleria.com\/www\/wp-json\/wp\/v2\/product_cat?post=779"},{"taxonomy":"product_tag","embeddable":true,"href":"https:\/\/alfieripasteleria.com\/www\/wp-json\/wp\/v2\/product_tag?post=779"}],"curies":[{"name":"wp","href":"https:\/\/api.w.org\/{rel}","templated":true}]}}