{"id":782,"date":"2025-10-22T17:45:07","date_gmt":"2025-10-22T17:45:07","guid":{"rendered":"https:\/\/alfieripasteleria.com\/www\/producto\/profiteroles-rellenos-de-crema-de-vainilla-y-caramelo-o-rellenos-de-chocolate-banados-en-chocolate-25u\/"},"modified":"2025-11-13T20:18:39","modified_gmt":"2025-11-13T20:18:39","slug":"profiteroles-rellenos-de-crema-de-vainilla-y-caramelo-o-rellenos-de-chocolate-banados-en-chocolate-25u","status":"publish","type":"product","link":"https:\/\/alfieripasteleria.com\/www\/producto\/profiteroles-rellenos-de-crema-de-vainilla-y-caramelo-o-rellenos-de-chocolate-banados-en-chocolate-25u\/","title":{"rendered":"Profiteroles rellenos de crema de vainilla y caramelo, o rellenos de chocolate ba\u00f1ados en chocolate. (25U)"},"content":{"rendered":"","protected":false},"excerpt":{"rendered":"<p>Las im\u00e1genes son referenciales; los productos pueden presentar ligeras variaciones en decoraci\u00f3n y acabado.<\/p>\n","protected":false},"featured_media":992,"template":"","meta":{"_et_pb_use_builder":"","_et_pb_old_content":"","_et_gb_content_width":"","_joinchat":[]},"product_cat":[29],"product_tag":[],"class_list":["post-782","product","type-product","status-publish","has-post-thumbnail","hentry","product_cat-bocaditos-dulces"],"_links":{"self":[{"href":"https:\/\/alfieripasteleria.com\/www\/wp-json\/wp\/v2\/product\/782","targetHints":{"allow":["GET"]}}],"collection":[{"href":"https:\/\/alfieripasteleria.com\/www\/wp-json\/wp\/v2\/product"}],"about":[{"href":"https:\/\/alfieripasteleria.com\/www\/wp-json\/wp\/v2\/types\/product"}],"wp:featuredmedia":[{"embeddable":true,"href":"https:\/\/alfieripasteleria.com\/www\/wp-json\/wp\/v2\/media\/992"}],"wp:attachment":[{"href":"https:\/\/alfieripasteleria.com\/www\/wp-json\/wp\/v2\/media?parent=782"}],"wp:term":[{"taxonomy":"product_cat","embeddable":true,"href":"https:\/\/alfieripasteleria.com\/www\/wp-json\/wp\/v2\/product_cat?post=782"},{"taxonomy":"product_tag","embeddable":true,"href":"https:\/\/alfieripasteleria.com\/www\/wp-json\/wp\/v2\/product_tag?post=782"}],"curies":[{"name":"wp","href":"https:\/\/api.w.org\/{rel}","templated":true}]}}