{"id":805,"date":"2025-10-22T18:44:59","date_gmt":"2025-10-22T18:44:59","guid":{"rendered":"https:\/\/alfieripasteleria.com\/www\/producto\/mini-sandwiches-de-pollo-pasas-y-pecanas-en-mini-arabe-50u\/"},"modified":"2025-11-13T21:15:20","modified_gmt":"2025-11-13T21:15:20","slug":"mini-sandwiches-de-pollo-pasas-y-pecanas-en-mini-arabe-50u","status":"publish","type":"product","link":"https:\/\/alfieripasteleria.com\/www\/producto\/mini-sandwiches-de-pollo-pasas-y-pecanas-en-mini-arabe-50u\/","title":{"rendered":"Mini sandwiches de pollo pasas y pecanas en mini \u00e1rabe (50U)"},"content":{"rendered":"","protected":false},"excerpt":{"rendered":"<p>Las im\u00e1genes son referenciales; los productos pueden presentar ligeras variaciones en decoraci\u00f3n y acabado.<\/p>\n","protected":false},"featured_media":1008,"template":"","meta":{"_et_pb_use_builder":"","_et_pb_old_content":"","_et_gb_content_width":"","_joinchat":[]},"product_cat":[30],"product_tag":[],"class_list":["post-805","product","type-product","status-publish","has-post-thumbnail","hentry","product_cat-bocaditos-salados"],"_links":{"self":[{"href":"https:\/\/alfieripasteleria.com\/www\/wp-json\/wp\/v2\/product\/805","targetHints":{"allow":["GET"]}}],"collection":[{"href":"https:\/\/alfieripasteleria.com\/www\/wp-json\/wp\/v2\/product"}],"about":[{"href":"https:\/\/alfieripasteleria.com\/www\/wp-json\/wp\/v2\/types\/product"}],"wp:featuredmedia":[{"embeddable":true,"href":"https:\/\/alfieripasteleria.com\/www\/wp-json\/wp\/v2\/media\/1008"}],"wp:attachment":[{"href":"https:\/\/alfieripasteleria.com\/www\/wp-json\/wp\/v2\/media?parent=805"}],"wp:term":[{"taxonomy":"product_cat","embeddable":true,"href":"https:\/\/alfieripasteleria.com\/www\/wp-json\/wp\/v2\/product_cat?post=805"},{"taxonomy":"product_tag","embeddable":true,"href":"https:\/\/alfieripasteleria.com\/www\/wp-json\/wp\/v2\/product_tag?post=805"}],"curies":[{"name":"wp","href":"https:\/\/api.w.org\/{rel}","templated":true}]}}