{"id":846,"date":"2025-11-08T21:26:55","date_gmt":"2025-11-08T21:26:55","guid":{"rendered":"https:\/\/alfieripasteleria.com\/www\/producto\/galletas-decoradas-con-glase-x6\/"},"modified":"2025-11-09T01:55:46","modified_gmt":"2025-11-09T01:55:46","slug":"galletas-decoradas-con-glase-x6","status":"publish","type":"product","link":"https:\/\/alfieripasteleria.com\/www\/producto\/galletas-decoradas-con-glase-x6\/","title":{"rendered":"Galletas Decoradas con Glas\u00e9 (x6)"},"content":{"rendered":"<p>Galletas navide\u00f1as decoradas con glas\u00e9, pack de 6 unidades.<\/p>\n","protected":false},"excerpt":{"rendered":"<p>Galletas navide\u00f1as decoradas con glas\u00e9, pack de 6 unidades.<\/p>\n","protected":false},"featured_media":936,"template":"","meta":{"_et_pb_use_builder":"","_et_pb_old_content":"","_et_gb_content_width":"","_joinchat":[]},"product_cat":[32],"product_tag":[],"class_list":["post-846","product","type-product","status-publish","has-post-thumbnail","hentry","product_cat-navidad"],"_links":{"self":[{"href":"https:\/\/alfieripasteleria.com\/www\/wp-json\/wp\/v2\/product\/846","targetHints":{"allow":["GET"]}}],"collection":[{"href":"https:\/\/alfieripasteleria.com\/www\/wp-json\/wp\/v2\/product"}],"about":[{"href":"https:\/\/alfieripasteleria.com\/www\/wp-json\/wp\/v2\/types\/product"}],"wp:featuredmedia":[{"embeddable":true,"href":"https:\/\/alfieripasteleria.com\/www\/wp-json\/wp\/v2\/media\/936"}],"wp:attachment":[{"href":"https:\/\/alfieripasteleria.com\/www\/wp-json\/wp\/v2\/media?parent=846"}],"wp:term":[{"taxonomy":"product_cat","embeddable":true,"href":"https:\/\/alfieripasteleria.com\/www\/wp-json\/wp\/v2\/product_cat?post=846"},{"taxonomy":"product_tag","embeddable":true,"href":"https:\/\/alfieripasteleria.com\/www\/wp-json\/wp\/v2\/product_tag?post=846"}],"curies":[{"name":"wp","href":"https:\/\/api.w.org\/{rel}","templated":true}]}}