{"id":855,"date":"2025-11-08T21:26:56","date_gmt":"2025-11-08T21:26:56","guid":{"rendered":"https:\/\/alfieripasteleria.com\/www\/producto\/chocolate-de-la-abuela-keke\/"},"modified":"2025-11-09T01:56:11","modified_gmt":"2025-11-09T01:56:11","slug":"chocolate-de-la-abuela-keke","status":"publish","type":"product","link":"https:\/\/alfieripasteleria.com\/www\/producto\/chocolate-de-la-abuela-keke\/","title":{"rendered":"Chocolate de la Abuela + Kek\u00e9"},"content":{"rendered":"<p>Pack de chocolate de la abuela acompa\u00f1ado de kek\u00e9.<\/p>\n","protected":false},"excerpt":{"rendered":"<p>Pack de chocolate de la abuela acompa\u00f1ado de kek\u00e9.<\/p>\n","protected":false},"featured_media":938,"template":"","meta":{"_et_pb_use_builder":"","_et_pb_old_content":"","_et_gb_content_width":"","_joinchat":[]},"product_cat":[32],"product_tag":[],"class_list":["post-855","product","type-product","status-publish","has-post-thumbnail","hentry","product_cat-navidad"],"_links":{"self":[{"href":"https:\/\/alfieripasteleria.com\/www\/wp-json\/wp\/v2\/product\/855","targetHints":{"allow":["GET"]}}],"collection":[{"href":"https:\/\/alfieripasteleria.com\/www\/wp-json\/wp\/v2\/product"}],"about":[{"href":"https:\/\/alfieripasteleria.com\/www\/wp-json\/wp\/v2\/types\/product"}],"wp:featuredmedia":[{"embeddable":true,"href":"https:\/\/alfieripasteleria.com\/www\/wp-json\/wp\/v2\/media\/938"}],"wp:attachment":[{"href":"https:\/\/alfieripasteleria.com\/www\/wp-json\/wp\/v2\/media?parent=855"}],"wp:term":[{"taxonomy":"product_cat","embeddable":true,"href":"https:\/\/alfieripasteleria.com\/www\/wp-json\/wp\/v2\/product_cat?post=855"},{"taxonomy":"product_tag","embeddable":true,"href":"https:\/\/alfieripasteleria.com\/www\/wp-json\/wp\/v2\/product_tag?post=855"}],"curies":[{"name":"wp","href":"https:\/\/api.w.org\/{rel}","templated":true}]}}