{"id":880,"date":"2025-11-08T21:26:58","date_gmt":"2025-11-08T21:26:58","guid":{"rendered":"https:\/\/alfieripasteleria.com\/www\/producto\/cheesecake-light-sin-azucar-8-10-porciones\/"},"modified":"2025-11-09T01:52:25","modified_gmt":"2025-11-09T01:52:25","slug":"cheesecake-light-sin-azucar-8-10-porciones","status":"publish","type":"product","link":"https:\/\/alfieripasteleria.com\/www\/producto\/cheesecake-light-sin-azucar-8-10-porciones\/","title":{"rendered":"Cheesecake Light sin az\u00facar (8-10 porciones)"},"content":{"rendered":"<p>Tarta de queso crema y yogurt, sin az\u00facar, cubierta con frutos rojos y mermelada de ar\u00e1ndano.<\/p>\n","protected":false},"excerpt":{"rendered":"<p>Tarta de queso crema y yogurt, sin az\u00facar, cubierta con frutos rojos y mermelada de ar\u00e1ndano.<\/p>\n","protected":false},"featured_media":934,"template":"","meta":{"_et_pb_use_builder":"","_et_pb_old_content":"","_et_gb_content_width":"","_joinchat":[]},"product_cat":[32],"product_tag":[],"class_list":["post-880","product","type-product","status-publish","has-post-thumbnail","hentry","product_cat-navidad"],"_links":{"self":[{"href":"https:\/\/alfieripasteleria.com\/www\/wp-json\/wp\/v2\/product\/880","targetHints":{"allow":["GET"]}}],"collection":[{"href":"https:\/\/alfieripasteleria.com\/www\/wp-json\/wp\/v2\/product"}],"about":[{"href":"https:\/\/alfieripasteleria.com\/www\/wp-json\/wp\/v2\/types\/product"}],"wp:featuredmedia":[{"embeddable":true,"href":"https:\/\/alfieripasteleria.com\/www\/wp-json\/wp\/v2\/media\/934"}],"wp:attachment":[{"href":"https:\/\/alfieripasteleria.com\/www\/wp-json\/wp\/v2\/media?parent=880"}],"wp:term":[{"taxonomy":"product_cat","embeddable":true,"href":"https:\/\/alfieripasteleria.com\/www\/wp-json\/wp\/v2\/product_cat?post=880"},{"taxonomy":"product_tag","embeddable":true,"href":"https:\/\/alfieripasteleria.com\/www\/wp-json\/wp\/v2\/product_tag?post=880"}],"curies":[{"name":"wp","href":"https:\/\/api.w.org\/{rel}","templated":true}]}}