{"id":893,"date":"2025-11-08T21:26:58","date_gmt":"2025-11-08T21:26:58","guid":{"rendered":"https:\/\/alfieripasteleria.com\/www\/producto\/pie-de-uva-borgona-10-porciones\/"},"modified":"2026-04-09T17:42:30","modified_gmt":"2026-04-09T17:42:30","slug":"pie-de-uva-borgona-10-porciones","status":"publish","type":"product","link":"https:\/\/alfieripasteleria.com\/www\/producto\/pie-de-uva-borgona-10-porciones\/","title":{"rendered":"Pie de Uva Borgo\u00f1a (10 porciones)"},"content":{"rendered":"<p>Pie de uva borgo\u00f1a cargado de uvas seleccionadas, sabor equilibrado dulce y \u00e1cido. Para 10 porciones.<\/p>\n","protected":false},"excerpt":{"rendered":"<p>Pie de uva borgo\u00f1a cargado de uvas seleccionadas, sabor equilibrado dulce y \u00e1cido. Para 10 porciones.<\/p>\n","protected":false},"featured_media":640,"template":"","meta":{"_et_pb_use_builder":"","_et_pb_old_content":"","_et_gb_content_width":"","_joinchat":[]},"product_cat":[32],"product_tag":[],"class_list":["post-893","product","type-product","status-publish","has-post-thumbnail","hentry","product_cat-navidad"],"_links":{"self":[{"href":"https:\/\/alfieripasteleria.com\/www\/wp-json\/wp\/v2\/product\/893","targetHints":{"allow":["GET"]}}],"collection":[{"href":"https:\/\/alfieripasteleria.com\/www\/wp-json\/wp\/v2\/product"}],"about":[{"href":"https:\/\/alfieripasteleria.com\/www\/wp-json\/wp\/v2\/types\/product"}],"wp:featuredmedia":[{"embeddable":true,"href":"https:\/\/alfieripasteleria.com\/www\/wp-json\/wp\/v2\/media\/640"}],"wp:attachment":[{"href":"https:\/\/alfieripasteleria.com\/www\/wp-json\/wp\/v2\/media?parent=893"}],"wp:term":[{"taxonomy":"product_cat","embeddable":true,"href":"https:\/\/alfieripasteleria.com\/www\/wp-json\/wp\/v2\/product_cat?post=893"},{"taxonomy":"product_tag","embeddable":true,"href":"https:\/\/alfieripasteleria.com\/www\/wp-json\/wp\/v2\/product_tag?post=893"}],"curies":[{"name":"wp","href":"https:\/\/api.w.org\/{rel}","templated":true}]}}